{"id":6839,"date":"2020-06-22T12:32:39","date_gmt":"2020-06-22T10:32:39","guid":{"rendered":"https:\/\/aircosystem.fr\/gd-archive\/"},"modified":"2025-10-23T11:23:03","modified_gmt":"2025-10-23T09:23:03","slug":"gd-archive","status":"publish","type":"page","link":"https:\/\/aircosystem.fr\/en\/gd-archive\/","title":{"rendered":"GD Archive"},"content":{"rendered":"\n<h1 class=\"wp-block-heading has-text-align-center\">Directory  <\/h1>\n\n\n\n<p style=\"font-size:18px\">Are you involved in air quality in France and your organization is not listed in our directory? <a href=\"https:\/\/aircosystem.fr\/add-listing\/\" title=\"\">Register it<\/a> now for free!  <\/p>\n\n\n\n<p style=\"font-size:18px\">To find out more about the categories, professions and specialties listed in our directory, see our <a href=\"https:\/\/aircosystem.fr\/en\/faq\/\" title=\"\">FAQ<\/a>.<\/p>\n\n\n\n<p style=\"font-size:18px\"><br><div class=\"geodir-search-container bsui sdel-40ec6f29 geodir-advance-search-default\"  data-show-adv=\"default\"><div class=\"geodir-search-form-wrapper mb-3\">\n\t<form class=\"w-100 d-block geodir-listing-search gd-search-bar-style geodir-search-show-all\" data-show=\"\" name=\"geodir-listing-search\" action=\"https:\/\/aircosystem.fr\/en\/search-page\/\" method=\"get\" style=\"box-sizing:content-box;\">\n\t\t<input type=\"hidden\" name=\"geodir_search\" value=\"1\" \/>\n\t\t\n\t\t<div class=\"geodir-search row gap-2 gy-2 px-3 align-items-center\" style=\"row-gap:0!important;\">\n\t\t\t\t<input type=\"hidden\" name=\"stype\" value=\"gd_entity\" data-slug=\"organisations\" \/><div class='gd-search-field-search col-auto flex-fill\n px-0' style=\"flex-grow:9999 !important;\" data-rule-key=\"s\" data-rule-type=\"text\">\n\t<div class=\"\" ><label class=\"visually-hidden form-label\">Search<\/label><div class=\"input-group-inside position-relative w-100\" ><div class=\"input-group-text  bg-transparent border-0\"><span class=\"geodir-search-input-label hover-swap text-muted\" onclick=\"jQuery('.search_text').val('').trigger('change').trigger('keyup');\" aria-hidden=\"true\"><i class=\"fas fa-search hover-content-original\"><\/i><i class=\"fas fa-times geodir-search-input-label-clear hover-content c-pointer\" title=\"Clear field\"><\/i><\/span><\/div><input type=\"text\"  name=\"s\"  placeholder=\"Search\"  class=\"form-control search_text gd_search_text w-100\"  onkeydown=\"if(event.keyCode == 13) geodir_click_search(this);\"  onClick=\"this.select();\"  autocomplete=\"off\"  size=\"16\"  aria-label=\"Search\"  data-bs-toggle=\"dropdown\"  data-bs-flip=\"false\" ><\/div><\/div><\/div>\n<div class='gd-search-field-near col-auto flex-fill\n px-0' style=\"flex-grow:9999 !important;\" data-rule-key=\"near\" data-rule-type=\"text\">\n\t<div class=\"\" ><label class=\"visually-hidden visually-hidden form-label\">Near (city)<\/label><div class=\"input-group-inside position-relative w-100\" ><div class=\"input-group-text  bg-transparent border-0\"><span class=\"geodir-search-input-label hover-swap text-muted\" onclick=\"jQuery('.snear').val('').trigger('change').trigger('keyup');jQuery('.sgeo_lat,.sgeo_lon').val('');\" aria-hidden=\"true\"><i class=\"fas fa-map-marker-alt hover-content-original\"><\/i><i class=\"fas fa-times geodir-search-input-label-clear hover-content c-pointer\" title=\"Clear field\"><\/i><\/span><\/div><input type=\"text\"  name=\"snear\"  placeholder=\"Near (city)\"  class=\"form-control snear w-100\"  onkeydown=\"javascript: if(event.keyCode == 13) geodir_click_search(this);\"  onClick=\"this.select();\"  autocomplete=\"off\"  size=\"16\"  aria-label=\"Near (city)\"  data-bs-toggle=\"dropdown\"  data-bs-flip=\"false\" ><\/div><\/div><\/div>\n<div class='gd-search-field-search col-auto flex-grow-1 px-0'>\n\t<div class=''>\n\t\t<button type=\"button\"  class=\"geodir_submit_search btn w-100 btn-primary\"  data-title=\"fas fa-search\"  aria-label=\"Search\"  ><i class=\"fas fas fa-search\" aria-hidden=\"true\"><\/i><span class=\"visually-hidden\">Search<\/span><\/button>\n\t<\/div>\n<\/div>\n<div class=\"gd-search-field-search gd-search-field-search-filters col-auto flex-grow-1 px-0\"><div class=\"\"><button type=\"button\"  class=\"geodir-show-filters btn w-100 btn-primary\"  aria-label=\"Advanced Filters\"  onclick=\"jQuery(this).closest(&#039;.geodir-listing-search&#039;).find(&#039;.geodir-more-filters&#039;).collapse(&#039;toggle&#039;)\"  ><i class=\"fas fa-cog\" aria-hidden=\"true\"><\/i><span class=\"visually-hidden\">Advanced Filters<\/span><\/button>\n<\/div><\/div>\t\t<\/div>\n\t\t\t\t\t<div class=\"geodir-filter-container\">\n\t\t\t\t<div class=\"geodir-more-filters customize_filter-in clearfix gd-filter-gd_entity collapse\">\n\t\t\t\t\t<div class=\"customize_filter_inner text-start row px-1 pt-3 bg-light mx-0 my-3 rounded\" style=\"row-gap:0!important;\">\n\t\t\t\t\t\t\t\t\t\t\t\t\t<script type=\"text\/javascript\">jQuery(function($){var gd_datepicker_loaded = $('body').hasClass('gd-multi-datepicker') ? true : false;if (!gd_datepicker_loaded){$('body').addClass('gd-multi-datepicker');}});<\/script>\n\t<div class=\"geodir-filter-cat gd-type-single gd-field-tcategories gd-field-post_category col mb-3\" style=\"min-width:200px;\"data-rule-key=\"post_category\" data-rule-type=\"categories\"><label for=\"geodir_search_post_category\" class=\"text-muted form-field-label form-label\">Family<\/label><select name=\"spost_category[]\" class=\"cat_select form-control form-select\" id=\"geodir_search_post_category\" aria-label=\"Family\"><option value=\"\" >Family<\/option><option value=\"168\"  >Civil society<\/option><option value=\"179\"  >Clusters<\/option><option value=\"150\"  >Companies<\/option><option value=\"178\"  >Institutions<\/option><option value=\"202\"  >Local authorities<\/option><option value=\"192\"  >Public players<\/option><option value=\"165\"  >Schools and universities<\/option><\/select><\/div><div class=\"geodir-filter-cat gd-type-single gd-field-tmultiselect gd-field-post_metier col mb-3\" style=\"min-width:200px;\"data-rule-key=\"post_metier\" data-rule-type=\"multiselect\"><label for=\"geodir_search_post_metier\" class=\"text-muted form-field-label form-label\">Business line<\/label><select name=\"spost_metier[]\" class=\"cat_select form-control form-select\" id=\"geodir_search_post_metier\" aria-label=\"Business line\"><option value=\"\" >Business line<\/option><option value=\"Analyse\"  >Analysis<\/option><option value=\"Certification\"  >Certification<\/option><option value=\"Communication\"  >Communication<\/option><option value=\"Conseil\"  >Consulting<\/option><option value=\"Enseignement\"  >Teaching<\/option><option value=\"Financement\"  >Funding<\/option><option value=\"Formation\"  >Training<\/option><option value=\"Ing\u00e9nierie\"  >Engineering<\/option><option value=\"Mesure\"  >Measurement<\/option><option value=\"Mod\u00e9lisation\"  >Modeling<\/option><option value=\"Recherche\"  >Research<\/option><option value=\"R\u00e9glementation\"  >Regulation<\/option><option value=\"Traitement\"  >Treatment<\/option><\/select><\/div><div class=\"geodir-filter-cat gd-type-single gd-field-tmultiselect gd-field-post_specialite col mb-3\" style=\"min-width:200px;\"data-rule-key=\"post_specialite\" data-rule-type=\"multiselect\"><label for=\"geodir_search_post_specialite\" class=\"text-muted form-field-label form-label\">Expertise<\/label><select name=\"spost_specialite[]\" class=\"cat_select form-control form-select\" id=\"geodir_search_post_specialite\" aria-label=\"Expertise\"><option value=\"\" >Expertise<\/option><option value=\"Acariens\"  >Mites<\/option><option value=\"A\u00e9ration\"  >Airing<\/option><option value=\"A\u00e9robiologie\"  >Aerobiology<\/option><option value=\"A\u00e9rosols\"  >Aerosols<\/option><option value=\"Air ambiant\"  >Ambiant air<\/option><option value=\"Air des sols\"  >Soil air<\/option><option value=\"Air industriel\"  >Industrial air<\/option><option value=\"Air int\u00e9rieur\"  >Indoor air<\/option><option value=\"Amiante\"  >Asbestos<\/option><option value=\"Bruit\"  >Noise<\/option><option value=\"Climat\"  >Climate<\/option><option value=\"Comportements\"  >Behavior<\/option><option value=\"Conditionnement d\u2019air\"  >Air conditionning<\/option><option value=\"Environnement\"  >Environment<\/option><option value=\"Gestion de la qualit\u00e9 de l\u2019air\"  >Air quality management<\/option><option value=\"Hygi\u00e8ne\"  >Hygiene<\/option><option value=\"Instrumentation\"  >Instrumentation<\/option><option value=\"Mesure a\u00e9roport\u00e9e\"  >Airborne measurement<\/option><option value=\"Mesure de gaz\"  >Gas Measurement<\/option><option value=\"Mesure in situ\"  >In situ Measurment<\/option><option value=\"Mesure par t\u00e9l\u00e9d\u00e9tection\"  >Remote Measurement<\/option><option value=\"Microbiologie\"  >Microbiology<\/option><option value=\"Odeurs\"  >Odors<\/option><option value=\"Pesticides\"  >Pesticides<\/option><option value=\"Pollens\"  >Pollens<\/option><option value=\"Radon\"  >Radon<\/option><option value=\"Sant\u00e9\"  >Health<\/option><option value=\"Ventilation\"  >Ventilation<\/option><\/select><\/div>\t\t\t\t\t\t\t\t\t\t\t<\/div>\n\t\t\t\t\t<div class=\"geodir-advance-search\">\n\t\t\t\t\t\t<div class='gd-search-field-search  flex-grow-1 px-0'>\n\t<div class=''>\n\t\t<button type=\"button\"  class=\"geodir_submit_search btn w-100 btn-primary\"  data-title=\"fas fa-search\"  aria-label=\"Search\"  ><i class=\"fas fas fa-search\" aria-hidden=\"true\"><\/i><span class=\"visually-hidden\">Search<\/span><\/button>\n\t<\/div>\n<\/div>\n\t\t\t\t\t<\/div>\n\t\t\t\t<\/div>\n\t\t\t<\/div>\n\t\t\t\t\t<input name=\"sgeo_lat\" class=\"sgeo_lat\" type=\"hidden\" value=\"\"\/>\n\t\t<input name=\"sgeo_lon\" class=\"sgeo_lon\" type=\"hidden\" value=\"\"\/>\n\t\t<input class=\"geodir-location-search-type\" name=\"\" type=\"hidden\" value=\"\"><div class=\"geodir-keep-args\" style=\"display:none!important\">{\"hide_search_input\":\"\",\"hide_near_input\":\"\",\"show\":\"\",\"filters_pos\":\"\",\"input_size\":\"\",\"bar_flex_wrap\":\"\",\"bar_flex_wrap_md\":\"\",\"bar_flex_wrap_lg\":\"\",\"input_border\":\"\",\"input_border_opacity\":\"\",\"input_rounded_size\":\"\",\"btn_bg\":\"\",\"btn_rounded_size\":\"\",\"btn_rounded_size_md\":\"\",\"btn_rounded_size_lg\":\"\",\"bg\":\"\",\"mt\":\"\",\"mr\":\"\",\"mb\":3,\"ml\":\"\",\"pt\":\"\",\"pr\":\"\",\"pb\":\"\",\"pl\":\"\",\"border\":\"\",\"rounded\":\"\",\"rounded_size\":\"\",\"rounded_size_md\":\"\",\"rounded_size_lg\":\"\",\"shadow\":\"\",\"css_class\":\"\"}<\/div>\t<\/form>\n<\/div>\n<\/div><br><br><div class=\"geodir-loop-container bsui sdel-ae5e10a8\" ><div class=\"geodir-info d-block mx-1\">\n    <div class=\"alert alert-info \" role=\"alert\" ><i class=\"fas fa-info-circle\"><\/i> No listings were found matching your selection. Something missing? Why not <a href='https:\/\/aircosystem.fr\/add-listing\/organisations\/'>add a listing?<\/a>.<\/div><\/div>\n<\/div><br><br><\/p>\n\n\n\n<p><\/p>\n","protected":false},"excerpt":{"rendered":"<p>Directory Are you involved in air quality in France and your organization is not listed in our directory? Register it now for free! To find out more about the categories, professions and specialties listed in our directory, see our FAQ.<\/p>\n","protected":false},"author":1,"featured_media":0,"parent":0,"menu_order":0,"comment_status":"closed","ping_status":"closed","template":"geodirectory-archive.php","meta":{"footnotes":""},"class_list":["post-6839","page","type-page","status-publish","hentry"],"aioseo_notices":[],"_links":{"self":[{"href":"https:\/\/aircosystem.fr\/en\/wp-json\/wp\/v2\/pages\/6839","targetHints":{"allow":["GET"]}}],"collection":[{"href":"https:\/\/aircosystem.fr\/en\/wp-json\/wp\/v2\/pages"}],"about":[{"href":"https:\/\/aircosystem.fr\/en\/wp-json\/wp\/v2\/types\/page"}],"author":[{"embeddable":true,"href":"https:\/\/aircosystem.fr\/en\/wp-json\/wp\/v2\/users\/1"}],"replies":[{"embeddable":true,"href":"https:\/\/aircosystem.fr\/en\/wp-json\/wp\/v2\/comments?post=6839"}],"version-history":[{"count":0,"href":"https:\/\/aircosystem.fr\/en\/wp-json\/wp\/v2\/pages\/6839\/revisions"}],"wp:attachment":[{"href":"https:\/\/aircosystem.fr\/en\/wp-json\/wp\/v2\/media?parent=6839"}],"curies":[{"name":"wp","href":"https:\/\/api.w.org\/{rel}","templated":true}]}}